{"id":2,"date":"2025-12-30T17:19:40","date_gmt":"2025-12-30T10:19:40","guid":{"rendered":"https:\/\/www.demo.vietnamweb.asia\/?page_id=2"},"modified":"2025-12-30T17:20:01","modified_gmt":"2025-12-30T10:20:01","slug":"trang-chu","status":"publish","type":"page","link":"https:\/\/open88okvip.com\/","title":{"rendered":"Open88okvip &#8211; T\u00e2n Th\u1ee7 N\u1ea1p \u0110\u1ea7u Th\u01b0\u1edfng Ngay 200% 3 Ng\u00e0y Li\u00ean Ti\u1ebfp"},"content":{"rendered":"<h2><span style=\"font-size: 110%; color: #f99b1c;\"><strong>TRANG CH\u1ee6 \u0110\u0102NG NH\u1eacP NH\u00c0 C\u00c1I OPEN88<\/strong><\/span><\/h2>\n<p>Link trang t\u1ed5ng v\u00e0o Open88okvip ch\u00ednh th\u1ee9c c\u1eadp nh\u1eadt ng\u00e0y h\u00f4m nay m\u1edbi nh\u1ea5t:<\/p>\n<div class=\"row row-small\"  id=\"row-801912880\">\n\n\t<div id=\"col-1003559664\" class=\"col medium-4 small-12 large-4\"  >\n\t\t\t\t<div class=\"col-inner\"  >\n\t\t\t\n\t\t\t\n\t<div class=\"img has-hover x md-x lg-x y md-y lg-y\" id=\"image_206715815\">\n\t\t<a class=\"\" href=\"https:\/\/linkquangcao.com\/kfqi\" >\t\t\t\t\t\t<div class=\"img-inner dark\" >\n\t\t\t<img loading=\"lazy\" decoding=\"async\" width=\"400\" height=\"188\" src=\"https:\/\/open88okvip.com\/wp-content\/uploads\/2025\/03\/dang-ky.webp\" class=\"attachment-original size-original\" alt=\"\u0110\u0103ng k\u00fd nh\u00e0 c\u00e1i\" srcset=\"https:\/\/open88okvip.com\/wp-content\/uploads\/2025\/03\/dang-ky.webp 400w, https:\/\/open88okvip.com\/wp-content\/uploads\/2025\/03\/dang-ky-300x141.webp 300w\" sizes=\"auto, (max-width: 400px) 100vw, 400px\" \/>\t\t\t\t\t\t\n\t\t\t\t\t<\/div>\n\t\t\t\t\t\t<\/a>\t\t\n<style>\n#image_206715815 {\n  width: 100%;\n}\n<\/style>\n\t<\/div>\n\t\n\t\t<\/div>\n\t\t\t\t\t<\/div>\n\n\t\n\n\t<div id=\"col-143054303\" class=\"col medium-4 small-12 large-4\"  >\n\t\t\t\t<div class=\"col-inner\"  >\n\t\t\t\n\t\t\t\n\t<div class=\"img has-hover x md-x lg-x y md-y lg-y\" id=\"image_153364501\">\n\t\t<a class=\"\" href=\"https:\/\/linkquangcao.com\/kfqi\" >\t\t\t\t\t\t<div class=\"img-inner dark\" >\n\t\t\t<img loading=\"lazy\" decoding=\"async\" width=\"400\" height=\"188\" src=\"https:\/\/open88okvip.com\/wp-content\/uploads\/2025\/03\/dang-nhap.webp\" class=\"attachment-original size-original\" alt=\"\u0110\u0103ng nh\u1eadp t\u1ea3i app\" srcset=\"https:\/\/open88okvip.com\/wp-content\/uploads\/2025\/03\/dang-nhap.webp 400w, https:\/\/open88okvip.com\/wp-content\/uploads\/2025\/03\/dang-nhap-300x141.webp 300w\" sizes=\"auto, (max-width: 400px) 100vw, 400px\" \/>\t\t\t\t\t\t\n\t\t\t\t\t<\/div>\n\t\t\t\t\t\t<\/a>\t\t\n<style>\n#image_153364501 {\n  width: 100%;\n}\n<\/style>\n\t<\/div>\n\t\n\t\t<\/div>\n\t\t\t\t\t<\/div>\n\n\t\n\n\t<div id=\"col-816853861\" class=\"col medium-4 small-12 large-4\"  >\n\t\t\t\t<div class=\"col-inner\"  >\n\t\t\t\n\t\t\t\n\t<div class=\"img has-hover x md-x lg-x y md-y lg-y\" id=\"image_1362358209\">\n\t\t<a class=\"\" href=\"https:\/\/linkquangcao.com\/kfqi\" >\t\t\t\t\t\t<div class=\"img-inner dark\" >\n\t\t\t<img loading=\"lazy\" decoding=\"async\" width=\"400\" height=\"188\" src=\"https:\/\/open88okvip.com\/wp-content\/uploads\/2025\/03\/khuyen-mai.webp\" class=\"attachment-original size-original\" alt=\"Khuy\u1ebfn m\u00e3i th\u00e0nh vi\u00ean\" srcset=\"https:\/\/open88okvip.com\/wp-content\/uploads\/2025\/03\/khuyen-mai.webp 400w, https:\/\/open88okvip.com\/wp-content\/uploads\/2025\/03\/khuyen-mai-300x141.webp 300w\" sizes=\"auto, (max-width: 400px) 100vw, 400px\" \/>\t\t\t\t\t\t\n\t\t\t\t\t<\/div>\n\t\t\t\t\t\t<\/a>\t\t\n<style>\n#image_1362358209 {\n  width: 100%;\n}\n<\/style>\n\t<\/div>\n\t\n\t\t<\/div>\n\t\t\t\t\t<\/div>\n\n\t\n<\/div>\n\t<div id=\"gap-218407519\" class=\"gap-element clearfix\" style=\"display:block; height:auto;\">\n\t\t\n<style>\n#gap-218407519 {\n  padding-top: 16px;\n}\n<\/style>\n\t<\/div>\n\t\n\t<div id=\"gap-952425448\" class=\"gap-element clearfix\" style=\"display:block; height:auto;\">\n\t\t\n<style>\n#gap-952425448 {\n  padding-top: 15px;\n}\n<\/style>\n\t<\/div>\n\t\n<p><em><strong>Disclaimer (Tuy\u00ean b\u1ed1 mi\u1ec5n tr\u1eeb):<\/strong><\/em> Open88okvip.com cung c\u1ea5p th\u00f4ng tin tham kh\u1ea3o cho nh\u1eefng ng\u01b0\u1eddi d\u00f9ng \u0111\u00e3 \u0111\u1ee7 18 tu\u1ed5i v\u00e0 kh\u00f4ng c\u01b0 tr\u00fa t\u1ea1i Vi\u1ec7t Nam. Open88okvip org kh\u00f4ng v\u1eadn h\u00e0nh hay khuy\u1ebfn kh\u00edch c\u00e1 c\u01b0\u1ee3c. V\u00ec v\u1eady m\u1ecdi r\u1ee7i ro ph\u00e1t sinh t\u1eeb vi\u1ec7c tham gia c\u00e1 c\u01b0\u1ee3c ngo\u00e0i s\u1ebd kh\u00f4ng thu\u1ed9c tr\u00e1ch nhi\u1ec7m c\u1ee7a ch\u00fang t\u00f4i.<\/p>\n<h2 class=\"tieu-de uppercase\"><span style=\"color: #3366ff;\"><strong>FAQ &#8211; Tr\u1ea3 l\u1eddi nh\u1eefng th\u1eafc m\u1eafc khi ch\u01a1i OPEN88<\/strong><\/span><\/h2>\n<div class=\"accordion\"><\/div>\n\t<div id=\"accordion-1256543403\" class=\"accordion-item\">\n\t\t<a id=\"accordion-1256543403-label\" class=\"accordion-title plain\" href=\"#accordion-item-trang-t\u1ed5ng-truy-c\u1eadp-open88-okvip.casino-l\u00e0-g\u00ec?\" aria-expanded=\"false\" aria-controls=\"accordion-1256543403-content\" >\n\t\t\t<button class=\"toggle\" aria-label=\"Chuy\u1ec3n \u0111\u1ed5i\"><i class=\"icon-angle-down\"><\/i><\/button>\n\t\t\t<span>Trang t\u1ed5ng truy c\u1eadp Open88 okvip.casino l\u00e0 g\u00ec?<\/span>\n\t\t<\/a>\n\t\t<div id=\"accordion-1256543403-content\" class=\"accordion-inner\" aria-labelledby=\"accordion-1256543403-label\" >\n\t\t\t\n<p><span style=\"color: #3366ff;\">C\u00e1c trang truy c\u1eadp ch\u00ednh th\u1ee9c:<\/span><\/p>\n<ul>\n<li><span style=\"color: #3366ff;\">Open88okvip.com<\/span><\/li>\n<li><span style=\"color: #3366ff;\">Open88ok vip.casino<\/span><\/li>\n<li><span style=\"color: #3366ff;\">Open88 okvip.game<\/span><\/li>\n<li><span style=\"color: #3366ff;\">Open888 okvip.app<\/span><\/li>\n<li><span style=\"color: #3366ff;\">Open88okvip . bet<\/span><\/li>\n<\/ul>\n<p>#trangchuopen88 #dangnhapopen88 #dangkyopen88 #taiappopen88 #appopen88 #open88bet #open88casino<\/p>\n<p>#trangchuopen88okvip #dangnhapopen88okvip #dangkyopen88okvip #taiappopen88okvip #appopen88okvip #open88okvipbet #open88okvipcasino<\/p>\n\t\t<\/div>\n\t<\/div>\n\t\n\t<div id=\"accordion-181394286\" class=\"accordion-item\">\n\t\t<a id=\"accordion-181394286-label\" class=\"accordion-title plain\" href=\"#accordion-item-r\u00fat-ti\u1ec1n-tr\u00ean-open88-okvip-com-c\u00f3-an-to\u00e0n-kh\u00f4ng?\" aria-expanded=\"false\" aria-controls=\"accordion-181394286-content\" >\n\t\t\t<button class=\"toggle\" aria-label=\"Chuy\u1ec3n \u0111\u1ed5i\"><i class=\"icon-angle-down\"><\/i><\/button>\n\t\t\t<span>R\u00fat ti\u1ec1n tr\u00ean Open88 okvip com c\u00f3 an to\u00e0n kh\u00f4ng?<\/span>\n\t\t<\/a>\n\t\t<div id=\"accordion-181394286-content\" class=\"accordion-inner\" aria-labelledby=\"accordion-181394286-label\" >\n\t\t\t\n<p><span style=\"color: #3366ff;\">R\u00fat ti\u1ec1n tr\u00ean Open88 r\u1ea5t an to\u00e0n, b\u1edfi d\u1eef li\u1ec7u giao d\u1ecbch \u0111\u01b0\u1ee3c m\u00e3 h\u00f3a ch\u1ed1ng hack. M\u1eadt kh\u1ea9u giao \u0111\u1ecbch l\u00e0 c\u1ee7a ng\u01b0\u1eddi ch\u01a1i t\u1ef1 thi\u1ebft l\u1eadp, m\u1ed7i giao d\u1ecbch \u0111\u1ec1u \u0111\u01b0\u1ee3c x\u00e1c nh\u1eadn k\u1ef9 c\u00e0ng v\u00e0 ch\u1ec9 chuy\u1ec3n kho\u1ea3n \u0111\u1ebfn duy nh\u1ea5t 1 t\u00e0i kho\u1ea3n c\u1ee7a ng\u01b0\u1eddi ch\u01a1i \u0111\u00e3 \u0111\u0103ng k\u00fd.<\/span><\/p>\n\t\t<\/div>\n\t<\/div>\n\t\n\t<div id=\"accordion-3052995597\" class=\"accordion-item\">\n\t\t<a id=\"accordion-3052995597-label\" class=\"accordion-title plain\" href=\"#accordion-item-d\u1ecbch-v\u1ee5-cskh-open88okvip-ho\u1ea1t-\u0111\u1ed9ng-trong-th\u1eddi-gian-n\u00e0o?\" aria-expanded=\"false\" aria-controls=\"accordion-3052995597-content\" >\n\t\t\t<button class=\"toggle\" aria-label=\"Chuy\u1ec3n \u0111\u1ed5i\"><i class=\"icon-angle-down\"><\/i><\/button>\n\t\t\t<span>D\u1ecbch v\u1ee5 CSKH Open88okvip ho\u1ea1t \u0111\u1ed9ng trong th\u1eddi gian n\u00e0o?<\/span>\n\t\t<\/a>\n\t\t<div id=\"accordion-3052995597-content\" class=\"accordion-inner\" aria-labelledby=\"accordion-3052995597-label\" >\n\t\t\t\n<p><span style=\"color: #3366ff;\">CSKH Open88okvip .com ho\u1ea1t \u0111\u1ed9ng 24\/24 li\u00ean t\u1ee5c trong 365 ng\u00e0y ph\u1ee5c v\u1ee5 gi\u1ea3i \u0111\u00e1p nhanh ch\u00f3ng m\u1ecdi nhu c\u1ea7u th\u1eafc m\u1eafc c\u1ee7a ng\u01b0\u1eddi ch\u01a1i. \u0110\u1ea3m b\u1ea3o ng\u01b0\u1eddi ch\u01a1i c\u00f3 tr\u1ea3i nghi\u1ec7m t\u1ed1t nh\u1ea5t v\u1edbi d\u1ecbch v\u1ee5 ch\u0103m s\u00f3c nhi\u1ec7t t\u00ecnh v\u00e0 chu \u0111\u00e1o nh\u1ea5t.<\/span><\/p>\n\t\t<\/div>\n\t<\/div>\n\t\n\t<div id=\"accordion-1515289076\" class=\"accordion-item\">\n\t\t<a id=\"accordion-1515289076-label\" class=\"accordion-title plain\" href=\"#accordion-item-trang-c\u00e1-c\u01b0\u1ee3c-open88okvip-app-c\u00f3-uy-t\u00edn-kh\u00f4ng?\" aria-expanded=\"false\" aria-controls=\"accordion-1515289076-content\" >\n\t\t\t<button class=\"toggle\" aria-label=\"Chuy\u1ec3n \u0111\u1ed5i\"><i class=\"icon-angle-down\"><\/i><\/button>\n\t\t\t<span>Trang c\u00e1 c\u01b0\u1ee3c Open88okvip app c\u00f3 uy t\u00edn kh\u00f4ng?<\/span>\n\t\t<\/a>\n\t\t<div id=\"accordion-1515289076-content\" class=\"accordion-inner\" aria-labelledby=\"accordion-1515289076-label\" >\n\t\t\t\n<p><span style=\"color: #3366ff;\">OPEN88.COM l\u00e0 1 c\u00f4ng ty tr\u00f2 ch\u01a1i \u0111\u01b0\u1ee3c \u0111\u0103ng k\u00fd h\u1ee3p ph\u00e1p b\u1edfi Isle Of Man v\u00e0 khu kinh t\u1ebf Cayagan And Freeport. T\u1ea5t c\u1ea3 c\u00e1c ho\u1ea1t \u0111\u1ed9ng kinh doanh c\u1edd b\u1ea1c \u0111\u1ec1u tu\u00e2n theo hi\u1ec7p \u01b0\u1edbc c\u1edd b\u1ea1c c\u1ee7a t\u1ed5 ch\u1ee9c n\u00e0y, minh b\u1ea1ch \u0111\u1ea3m b\u1ea3o quy\u1ec1n l\u1ee3i cho ng\u01b0\u1eddi ch\u01a1i<\/span><\/p>\n\t\t<\/div>\n\t<\/div>\n\t\n<p>&nbsp;<\/p>\n","protected":false},"excerpt":{"rendered":"<p>TRANG CH\u1ee6 \u0110\u0102NG NH\u1eacP NH\u00c0 C\u00c1I OPEN88 Link trang t\u1ed5ng v\u00e0o Open88okvip ch\u00ednh th\u1ee9c c\u1eadp nh\u1eadt ng\u00e0y h\u00f4m nay m\u1edbi nh\u1ea5t: Disclaimer (Tuy\u00ean b\u1ed1 mi\u1ec5n tr\u1eeb): Open88okvip.com cung c\u1ea5p th\u00f4ng tin tham kh\u1ea3o cho nh\u1eefng ng\u01b0\u1eddi d\u00f9ng \u0111\u00e3 \u0111\u1ee7 18 tu\u1ed5i v\u00e0 kh\u00f4ng c\u01b0 tr\u00fa t\u1ea1i Vi\u1ec7t Nam. Open88okvip org kh\u00f4ng v\u1eadn h\u00e0nh hay khuy\u1ebfn&#8230;<\/p>\n","protected":false},"author":1,"featured_media":0,"parent":0,"menu_order":0,"comment_status":"closed","ping_status":"open","template":"page-right-sidebar.php","meta":{"footnotes":""},"class_list":["post-2","page","type-page","status-publish","hentry"],"_links":{"self":[{"href":"https:\/\/open88okvip.com\/index.php?rest_route=\/wp\/v2\/pages\/2","targetHints":{"allow":["GET"]}}],"collection":[{"href":"https:\/\/open88okvip.com\/index.php?rest_route=\/wp\/v2\/pages"}],"about":[{"href":"https:\/\/open88okvip.com\/index.php?rest_route=\/wp\/v2\/types\/page"}],"author":[{"embeddable":true,"href":"https:\/\/open88okvip.com\/index.php?rest_route=\/wp\/v2\/users\/1"}],"replies":[{"embeddable":true,"href":"https:\/\/open88okvip.com\/index.php?rest_route=%2Fwp%2Fv2%2Fcomments&post=2"}],"version-history":[{"count":54,"href":"https:\/\/open88okvip.com\/index.php?rest_route=\/wp\/v2\/pages\/2\/revisions"}],"predecessor-version":[{"id":633,"href":"https:\/\/open88okvip.com\/index.php?rest_route=\/wp\/v2\/pages\/2\/revisions\/633"}],"wp:attachment":[{"href":"https:\/\/open88okvip.com\/index.php?rest_route=%2Fwp%2Fv2%2Fmedia&parent=2"}],"curies":[{"name":"wp","href":"https:\/\/api.w.org\/{rel}","templated":true}]}}